{"id":1314,"date":"2026-03-20T16:12:40","date_gmt":"2026-03-20T16:12:40","guid":{"rendered":"https:\/\/g-shopp.com\/?post_type=product&#038;p=1314"},"modified":"2026-04-11T19:29:13","modified_gmt":"2026-04-11T19:29:13","slug":"boite-de-rangement","status":"publish","type":"product","link":"https:\/\/g-shopp.com\/?product=boite-de-rangement","title":{"rendered":"Boite de rangement"},"content":{"rendered":"<p><strong>\ud83e\uddf3 Emportez votre hygi\u00e8ne partout avec vous !<\/strong><\/p>\n<p>Gardez votre brosse \u00e0 dents et dentifrice propres et prot\u00e9g\u00e9s en d\u00e9placement.<br \/>\nSon format compact se glisse facilement dans votre sac ou valise.<br \/>\nId\u00e9al pour les voyages, le bureau ou la salle de sport.<\/p>\n<p><img fetchpriority=\"high\" decoding=\"async\" class=\"wp-image-1319 size-large\" src=\"https:\/\/g-shopp.com\/wp-content\/uploads\/2026\/03\/IMG_0719-1022x1024.jpeg\" alt=\"\" width=\"1022\" height=\"1024\" srcset=\"https:\/\/g-shopp.com\/wp-content\/uploads\/2026\/03\/IMG_0719-1022x1024.jpeg 1022w, https:\/\/g-shopp.com\/wp-content\/uploads\/2026\/03\/IMG_0719-300x300.jpeg 300w, https:\/\/g-shopp.com\/wp-content\/uploads\/2026\/03\/IMG_0719-100x100.jpeg 100w, https:\/\/g-shopp.com\/wp-content\/uploads\/2026\/03\/IMG_0719-600x601.jpeg 600w, https:\/\/g-shopp.com\/wp-content\/uploads\/2026\/03\/IMG_0719-150x150.jpeg 150w, https:\/\/g-shopp.com\/wp-content\/uploads\/2026\/03\/IMG_0719-768x769.jpeg 768w, https:\/\/g-shopp.com\/wp-content\/uploads\/2026\/03\/IMG_0719.jpeg 1320w\" sizes=\"(max-width: 1022px) 100vw, 1022px\" \/><\/p>\n<p><strong>\ud83e\uddb7 Une protection optimale contre les bact\u00e9ries !<\/strong><\/p>\n<p>\u00c9vitez le contact avec la poussi\u00e8re et les germes gr\u00e2ce \u00e0 son \u00e9tui ferm\u00e9.<br \/>\nCon\u00e7u pour maintenir vos accessoires d\u2019hygi\u00e8ne dans un environnement sain.<br \/>\nParfait pour une routine propre et s\u00e9curis\u00e9e au quotidien.<\/p>\n<p>&nbsp;<\/p>\n<p><strong>\u2728 Pratique, l\u00e9ger et design !<\/strong><\/p>\n<p>Son design moderne et ses couleurs \u00e9l\u00e9gantes s\u2019adaptent \u00e0 tous les styles.<br \/>\nFacile \u00e0 ouvrir et \u00e0 nettoyer pour une utilisation simple et rapide.<br \/>\nAlliez praticit\u00e9 et esth\u00e9tique avec cet indispensable de voyage.<\/p>\n","protected":false},"excerpt":{"rendered":"<p>Gardez vos essentiels d\u2019hygi\u00e8ne propres et bien organis\u00e9s avec cet \u00e9tui de voyage pratique pour brosse \u00e0 dents. Compact, l\u00e9ger et facile \u00e0 transporter, il prot\u00e8ge efficacement contre la poussi\u00e8re et les bact\u00e9ries. Id\u00e9al pour les d\u00e9placements, il allie simplicit\u00e9, hygi\u00e8ne et design moderne au quotidien.<\/p>\n","protected":false},"featured_media":1320,"comment_status":"open","ping_status":"closed","template":"","meta":[],"product_brand":[],"product_cat":[30],"product_tag":[],"class_list":{"0":"post-1314","1":"product","2":"type-product","3":"status-publish","4":"has-post-thumbnail","6":"product_cat-accessoires","8":"first","9":"instock","10":"sale","11":"shipping-taxable","12":"purchasable","13":"product-type-variable","14":"has-default-attributes"},"jetpack_sharing_enabled":true,"_links":{"self":[{"href":"https:\/\/g-shopp.com\/index.php?rest_route=\/wp\/v2\/product\/1314","targetHints":{"allow":["GET"]}}],"collection":[{"href":"https:\/\/g-shopp.com\/index.php?rest_route=\/wp\/v2\/product"}],"about":[{"href":"https:\/\/g-shopp.com\/index.php?rest_route=\/wp\/v2\/types\/product"}],"replies":[{"embeddable":true,"href":"https:\/\/g-shopp.com\/index.php?rest_route=%2Fwp%2Fv2%2Fcomments&post=1314"}],"wp:featuredmedia":[{"embeddable":true,"href":"https:\/\/g-shopp.com\/index.php?rest_route=\/wp\/v2\/media\/1320"}],"wp:attachment":[{"href":"https:\/\/g-shopp.com\/index.php?rest_route=%2Fwp%2Fv2%2Fmedia&parent=1314"}],"wp:term":[{"taxonomy":"product_brand","embeddable":true,"href":"https:\/\/g-shopp.com\/index.php?rest_route=%2Fwp%2Fv2%2Fproduct_brand&post=1314"},{"taxonomy":"product_cat","embeddable":true,"href":"https:\/\/g-shopp.com\/index.php?rest_route=%2Fwp%2Fv2%2Fproduct_cat&post=1314"},{"taxonomy":"product_tag","embeddable":true,"href":"https:\/\/g-shopp.com\/index.php?rest_route=%2Fwp%2Fv2%2Fproduct_tag&post=1314"}],"curies":[{"name":"wp","href":"https:\/\/api.w.org\/{rel}","templated":true}]}}