{"id":1580,"date":"2026-04-20T19:27:20","date_gmt":"2026-04-20T19:27:20","guid":{"rendered":"https:\/\/g-shopp.com\/?post_type=product&#038;p=1580"},"modified":"2026-04-20T21:58:30","modified_gmt":"2026-04-20T21:58:30","slug":"crochet-mural-test","status":"publish","type":"product","link":"https:\/\/g-shopp.com\/?product=crochet-mural-test","title":{"rendered":"Crochet Mural Sans Per\u00e7age Ultra R\u00e9sistant"},"content":{"rendered":"<h2>Organisez votre espace avec style<\/h2>\n<p>\ud83c\udf81 Profitez d\u00e8s maintenant d\u2019une r\u00e9duction exceptionnelle sur ce crochet mural, con\u00e7u pour vous aider \u00e0 organiser votre maison efficacement et sans effort.<\/p>\n<p><img fetchpriority=\"high\" decoding=\"async\" class=\"aligncenter wp-image-1491 size-full\" src=\"https:\/\/g-shopp.com\/wp-content\/uploads\/2026\/03\/IMG_0768.jpeg\" alt=\"\" width=\"1252\" height=\"1595\" srcset=\"https:\/\/g-shopp.com\/wp-content\/uploads\/2026\/03\/IMG_0768.jpeg 1252w, https:\/\/g-shopp.com\/wp-content\/uploads\/2026\/03\/IMG_0768-235x300.jpeg 235w, https:\/\/g-shopp.com\/wp-content\/uploads\/2026\/03\/IMG_0768-804x1024.jpeg 804w, https:\/\/g-shopp.com\/wp-content\/uploads\/2026\/03\/IMG_0768-768x978.jpeg 768w, https:\/\/g-shopp.com\/wp-content\/uploads\/2026\/03\/IMG_0768-1206x1536.jpeg 1206w, https:\/\/g-shopp.com\/wp-content\/uploads\/2026\/03\/IMG_0768-300x382.jpeg 300w, https:\/\/g-shopp.com\/wp-content\/uploads\/2026\/03\/IMG_0768-600x764.jpeg 600w\" sizes=\"(max-width: 1252px) 100vw, 1252px\" \/><\/p>\n<h2>Un design pratique et \u00e9l\u00e9gant<\/h2>\n<p>Facile \u00e0 installer, ce crochet mural offre une solution id\u00e9ale pour maintenir vos espaces bien rang\u00e9s. Avec son design \u00e9pur\u00e9 et sa solidit\u00e9 fiable, il s&rsquo;adapte \u00e0 diff\u00e9rents types de d\u00e9corations.<\/p>\n<p><img decoding=\"async\" class=\"aligncenter wp-image-1483 size-full\" src=\"https:\/\/g-shopp.com\/wp-content\/uploads\/2026\/03\/IMG_0766.jpeg\" alt=\"\" width=\"1291\" height=\"1306\" srcset=\"https:\/\/g-shopp.com\/wp-content\/uploads\/2026\/03\/IMG_0766.jpeg 1291w, https:\/\/g-shopp.com\/wp-content\/uploads\/2026\/03\/IMG_0766-297x300.jpeg 297w, https:\/\/g-shopp.com\/wp-content\/uploads\/2026\/03\/IMG_0766-1012x1024.jpeg 1012w, https:\/\/g-shopp.com\/wp-content\/uploads\/2026\/03\/IMG_0766-768x777.jpeg 768w, https:\/\/g-shopp.com\/wp-content\/uploads\/2026\/03\/IMG_0766-300x303.jpeg 300w, https:\/\/g-shopp.com\/wp-content\/uploads\/2026\/03\/IMG_0766-600x607.jpeg 600w, https:\/\/g-shopp.com\/wp-content\/uploads\/2026\/03\/IMG_0766-100x100.jpeg 100w\" sizes=\"(max-width: 1291px) 100vw, 1291px\" \/><\/p>\n<h2>Comment le faire ?<\/h2>\n<p><img decoding=\"async\" class=\"aligncenter wp-image-1484 size-full\" src=\"https:\/\/g-shopp.com\/wp-content\/uploads\/2026\/03\/IMG_0765.jpeg\" alt=\"\" width=\"1305\" height=\"1313\" srcset=\"https:\/\/g-shopp.com\/wp-content\/uploads\/2026\/03\/IMG_0765.jpeg 1305w, https:\/\/g-shopp.com\/wp-content\/uploads\/2026\/03\/IMG_0765-298x300.jpeg 298w, https:\/\/g-shopp.com\/wp-content\/uploads\/2026\/03\/IMG_0765-1018x1024.jpeg 1018w, https:\/\/g-shopp.com\/wp-content\/uploads\/2026\/03\/IMG_0765-150x150.jpeg 150w, https:\/\/g-shopp.com\/wp-content\/uploads\/2026\/03\/IMG_0765-768x773.jpeg 768w, https:\/\/g-shopp.com\/wp-content\/uploads\/2026\/03\/IMG_0765-300x302.jpeg 300w, https:\/\/g-shopp.com\/wp-content\/uploads\/2026\/03\/IMG_0765-600x604.jpeg 600w, https:\/\/g-shopp.com\/wp-content\/uploads\/2026\/03\/IMG_0765-100x100.jpeg 100w\" sizes=\"(max-width: 1305px) 100vw, 1305px\" \/><\/p>\n<h2>Stock limit\u00e9, d\u00e9p\u00eachez-vous !<\/h2>\n<p>N&rsquo;attendez pas ! Les stocks sont limit\u00e9s et cette offre sp\u00e9ciale ne durera pas longtemps. Saisissez cette opportunit\u00e9 unique pour r\u00e9organiser votre maison tout en r\u00e9alisant des \u00e9conomies.<\/p>\n","protected":false},"excerpt":{"rendered":"<p>Organisez votre maison facilement gr\u00e2ce \u00e0 ce <strong data-start=\"293\" data-end=\"329\">crochet mural pratique et solide<\/strong>.<br data-start=\"330\" data-end=\"333\" \/>Il s\u2019installe en quelques secondes <strong data-start=\"368\" data-end=\"402\">sans percer ni ab\u00eemer vos murs<\/strong>.<br data-start=\"403\" data-end=\"406\" \/>Une solution simple pour garder votre int\u00e9rieur propre, pratique et bien rang\u00e9.<\/p>\n","protected":false},"featured_media":1485,"comment_status":"open","ping_status":"closed","template":"","meta":[],"product_brand":[],"product_cat":[30],"product_tag":[],"class_list":{"0":"post-1580","1":"product","2":"type-product","3":"status-publish","4":"has-post-thumbnail","6":"product_cat-accessoires","8":"first","9":"instock","10":"sale","11":"shipping-taxable","12":"purchasable","13":"product-type-variable","14":"has-default-attributes"},"jetpack_sharing_enabled":true,"_links":{"self":[{"href":"https:\/\/g-shopp.com\/index.php?rest_route=\/wp\/v2\/product\/1580","targetHints":{"allow":["GET"]}}],"collection":[{"href":"https:\/\/g-shopp.com\/index.php?rest_route=\/wp\/v2\/product"}],"about":[{"href":"https:\/\/g-shopp.com\/index.php?rest_route=\/wp\/v2\/types\/product"}],"replies":[{"embeddable":true,"href":"https:\/\/g-shopp.com\/index.php?rest_route=%2Fwp%2Fv2%2Fcomments&post=1580"}],"version-history":[{"count":4,"href":"https:\/\/g-shopp.com\/index.php?rest_route=\/wp\/v2\/product\/1580\/revisions"}],"predecessor-version":[{"id":1586,"href":"https:\/\/g-shopp.com\/index.php?rest_route=\/wp\/v2\/product\/1580\/revisions\/1586"}],"wp:featuredmedia":[{"embeddable":true,"href":"https:\/\/g-shopp.com\/index.php?rest_route=\/wp\/v2\/media\/1485"}],"wp:attachment":[{"href":"https:\/\/g-shopp.com\/index.php?rest_route=%2Fwp%2Fv2%2Fmedia&parent=1580"}],"wp:term":[{"taxonomy":"product_brand","embeddable":true,"href":"https:\/\/g-shopp.com\/index.php?rest_route=%2Fwp%2Fv2%2Fproduct_brand&post=1580"},{"taxonomy":"product_cat","embeddable":true,"href":"https:\/\/g-shopp.com\/index.php?rest_route=%2Fwp%2Fv2%2Fproduct_cat&post=1580"},{"taxonomy":"product_tag","embeddable":true,"href":"https:\/\/g-shopp.com\/index.php?rest_route=%2Fwp%2Fv2%2Fproduct_tag&post=1580"}],"curies":[{"name":"wp","href":"https:\/\/api.w.org\/{rel}","templated":true}]}}